{"id":700,"date":"2015-11-19T18:42:24","date_gmt":"2015-11-19T17:42:24","guid":{"rendered":"http:\/\/ics-hamm.de\/ics\/?page_id=700"},"modified":"2015-11-19T18:44:59","modified_gmt":"2015-11-19T17:44:59","slug":"externer-datentraeger-wird-nicht-angezeigt","status":"publish","type":"page","link":"https:\/\/ics-hamm.de\/ics\/?page_id=700","title":{"rendered":"Externer Datentr\u00e4ger wird nicht angezeigt"},"content":{"rendered":"<p>Es geschieht \u00f6ffter, dass Sie einen Datentr\u00e4ger \u00fcber USB anschliessen und dieser nicht verf\u00fcgbar ist und auch im Explorer nicht angezeigt wird.<\/p>\n<p>\u00dcber das nachfolgende <a href=\"http:\/\/ics-hamm.de\/ics\/wp-content\/uploads\/2015\/11\/Externe-USB.pdf\" target=\"_blank\">pdf-Dokument<\/a> zeigen wir Ihnen wie das Problem gel\u00f6st werden kann.<\/p>\n","protected":false},"excerpt":{"rendered":"<p>Es geschieht \u00f6ffter, dass Sie einen Datentr\u00e4ger \u00fcber USB anschliessen und dieser nicht verf\u00fcgbar ist und auch im Explorer nicht angezeigt wird. \u00dcber das nachfolgende pdf-Dokument zeigen wir Ihnen wie das Problem gel\u00f6st werden kann.<\/p>\n","protected":false},"author":2,"featured_media":0,"parent":644,"menu_order":4,"comment_status":"closed","ping_status":"closed","template":"","meta":[],"_links":{"self":[{"href":"https:\/\/ics-hamm.de\/ics\/index.php?rest_route=\/wp\/v2\/pages\/700"}],"collection":[{"href":"https:\/\/ics-hamm.de\/ics\/index.php?rest_route=\/wp\/v2\/pages"}],"about":[{"href":"https:\/\/ics-hamm.de\/ics\/index.php?rest_route=\/wp\/v2\/types\/page"}],"author":[{"embeddable":true,"href":"https:\/\/ics-hamm.de\/ics\/index.php?rest_route=\/wp\/v2\/users\/2"}],"replies":[{"embeddable":true,"href":"https:\/\/ics-hamm.de\/ics\/index.php?rest_route=%2Fwp%2Fv2%2Fcomments&post=700"}],"version-history":[{"count":3,"href":"https:\/\/ics-hamm.de\/ics\/index.php?rest_route=\/wp\/v2\/pages\/700\/revisions"}],"predecessor-version":[{"id":703,"href":"https:\/\/ics-hamm.de\/ics\/index.php?rest_route=\/wp\/v2\/pages\/700\/revisions\/703"}],"up":[{"embeddable":true,"href":"https:\/\/ics-hamm.de\/ics\/index.php?rest_route=\/wp\/v2\/pages\/644"}],"wp:attachment":[{"href":"https:\/\/ics-hamm.de\/ics\/index.php?rest_route=%2Fwp%2Fv2%2Fmedia&parent=700"}],"curies":[{"name":"wp","href":"https:\/\/api.w.org\/{rel}","templated":true}]}}