{"id":63,"date":"2014-05-21T08:43:56","date_gmt":"2014-05-21T06:43:56","guid":{"rendered":"http:\/\/ics-hamm.de\/ics\/?page_id=63"},"modified":"2018-08-08T17:46:47","modified_gmt":"2018-08-08T15:46:47","slug":"bildgalerie","status":"publish","type":"page","link":"https:\/\/ics-hamm.de\/ics\/?page_id=63","title":{"rendered":"Alles \u00fcber uns"},"content":{"rendered":"<p><strong><span style=\"font-size: 14pt;\">Wie entstand 2005 das heutige Internet-Caf\u00e9 f\u00fcr Senioren?<\/span><\/strong><\/p>\n<p>Im Hammer-Norden wurde ein Projekt gestartet, das intergenerational unter dem Thema:<\/p>\n<p><span style=\"color: #ff9900;\"><strong><span style=\"font-size: 12pt;\"><a href=\"https:\/\/www.hammer-norden.de\/dokumentation\/archiv-dokumentation\/lokales-kapital-fuer-soziale-zwecke\/mikroprojekte-2005-2006\/berufliche-orientierung-und-computerqualifizierung-fuer-schulabgaengerinnen-und-schulabgaenger-durch-ein-stadtteilgeschichtsprojekt\/?no_cache=1&amp;sword_list%5B%5D=Orientierung\" target=\"_blank\" rel=\"noopener\">Berufliche Orientierung und Computerqualifizierung f\u00fcr Schulabg\u00e4ngerinnen und Schulabg\u00e4nger durch ein Stadtteilgeschichtsprojekt<\/a><br \/>\n<\/span><\/strong><\/span><\/p>\n<p>stattfand.<br \/>\nIn diesem Projekt sollen Sch\u00fclerinnen und Sch\u00fcler der Karlschule Hamm-Norden, einer Hauptschule, und <strong>Seniorinnen<\/strong> des Geschichtskreises, die Nordener <span class=\"csc-sword\">Schaufel<\/span>, gemeinsam die von den <strong>Seniorinnen<\/strong> und <strong>Senioren<\/strong> erlebte Stadtteilgeschichte f\u00fcr das Internet aufbereiten. Viele der Sch\u00fclerinnen und Sch\u00fcler haben einen Migrationshintergrund.<\/p>\n<p>Dar\u00fcber hinaus sollen die regelm\u00e4\u00dfigen Kontakte der Generationen beiden Seiten helfen, m\u00f6gliche Ber\u00fchrungs\u00e4ngste abzubauen und den Dialog zwischen den Generationen anzuregen. Die Auseinandersetzung mit den historischen Situationen anderer Menschen kann zur Ver\u00e4nderung der Haltung der Jugendlichen zur Berufsfindung beitragen.<\/p>\n<p>Regelm\u00e4\u00dfig trafen sich die Sch\u00fclerinnen und Sch\u00fcler mit den <strong>Seniorinnen<\/strong> zu Interviews, die auf Grundlage vorher erarbeiteter Frageb\u00f6gen durchgef\u00fchrt wurden. Die Jugendlichen erfuhren dabei Historisches aus Schule, Beruf oder Alltag. Die Ergebnisse werteten die Beteiligten aus. In Zusammenarbeit mit einem Journalisten entstand daraus ein Text. Bei weiteren Treffen suchten die Teilnehmer gemeinsam passende Fotos aus den Alben der Seniorinnen aus und die das Erlebte noch besser verdeutlichen sollten.<\/p>\n<p>Die Ergebnisse der ausgewerteten Interviews wurden als Internetpr\u00e4sentation in das Netz eingestellt.Gemeinsam haben Jung und Alt die erlebte Geschichte aufbereitet und die informativen und interessanten Texte themenbezogen ins Internet auf den Seiten des <a href=\"http:\/\/www.hammer-norden.de\/dokumentation\/lokales-kapital-fuer-soziale-zwecke\/mikroprojekte-2005-2006\/berufliche-orientierung-und-computerqualifizierung-fuer-schulabgaengerinnen-und-schulabgaenger-durch-ein-stadtteilgeschichtsprojekt\/?no_cache=1&amp;sword_list[]=schaufel\" target=\"_blank\" rel=\"noopener\">Hammer Nordens<\/a> gestellt.<\/p>\n<p>Damit fing es an. Die Jugendlichen gingen nach dem Schulabschluss einer Ausbildung nach und die Senioren stellten sich die Frage, wie man die gemachten Erfahrungen weiternutzen konnte.<\/p>\n<p>Also entschloss sich der <strong>F<\/strong>\u00f6<strong>rderkreis Bildung und Integration gem.e.V.<\/strong> ein Seniorenprojekt ins Leben zu rufen, in dem Senioren den Umgang mit Computern und Software weiter vertiefen und f\u00fcr sich nutzen konnten.<\/p>\n<p>Mit welchen Themenkreisen man sich auseinandersetzte finden sie auch unter dem Bereich <a href=\"http:\/\/ics-hamm.de\/ics\/?page_id=20\">Programme.<\/a><\/p>\n","protected":false},"excerpt":{"rendered":"<p>Wie entstand 2005 das heutige Internet-Caf\u00e9 f\u00fcr Senioren? Im Hammer-Norden wurde ein Projekt gestartet, das intergenerational unter dem Thema: Berufliche Orientierung und Computerqualifizierung f\u00fcr Schulabg\u00e4ngerinnen und Schulabg\u00e4nger durch ein Stadtteilgeschichtsprojekt stattfand. In diesem Projekt sollen Sch\u00fclerinnen und Sch\u00fcler der Karlschule Hamm-Norden, einer Hauptschule, und Seniorinnen des Geschichtskreises, die Nordener Schaufel, gemeinsam die von den Seniorinnen [&hellip;]<\/p>\n","protected":false},"author":2,"featured_media":0,"parent":11,"menu_order":1,"comment_status":"open","ping_status":"open","template":"","meta":[],"_links":{"self":[{"href":"https:\/\/ics-hamm.de\/ics\/index.php?rest_route=\/wp\/v2\/pages\/63"}],"collection":[{"href":"https:\/\/ics-hamm.de\/ics\/index.php?rest_route=\/wp\/v2\/pages"}],"about":[{"href":"https:\/\/ics-hamm.de\/ics\/index.php?rest_route=\/wp\/v2\/types\/page"}],"author":[{"embeddable":true,"href":"https:\/\/ics-hamm.de\/ics\/index.php?rest_route=\/wp\/v2\/users\/2"}],"replies":[{"embeddable":true,"href":"https:\/\/ics-hamm.de\/ics\/index.php?rest_route=%2Fwp%2Fv2%2Fcomments&post=63"}],"version-history":[{"count":12,"href":"https:\/\/ics-hamm.de\/ics\/index.php?rest_route=\/wp\/v2\/pages\/63\/revisions"}],"predecessor-version":[{"id":1077,"href":"https:\/\/ics-hamm.de\/ics\/index.php?rest_route=\/wp\/v2\/pages\/63\/revisions\/1077"}],"up":[{"embeddable":true,"href":"https:\/\/ics-hamm.de\/ics\/index.php?rest_route=\/wp\/v2\/pages\/11"}],"wp:attachment":[{"href":"https:\/\/ics-hamm.de\/ics\/index.php?rest_route=%2Fwp%2Fv2%2Fmedia&parent=63"}],"curies":[{"name":"wp","href":"https:\/\/api.w.org\/{rel}","templated":true}]}}