{"id":145,"date":"2015-03-06T15:02:20","date_gmt":"2015-03-06T14:02:20","guid":{"rendered":"http:\/\/ics-hamm.de\/ics\/?page_id=145"},"modified":"2017-05-01T18:35:21","modified_gmt":"2017-05-01T16:35:21","slug":"ics-westen","status":"publish","type":"page","link":"https:\/\/ics-hamm.de\/ics\/?page_id=145","title":{"rendered":"ICS-Westen"},"content":{"rendered":"<p>Das Internet-Caf\u00e9 Hamm Westen entstand durch eine Vielzahl von Teilnehmern, die aus dem westlichen Stadtteilen (Herringen, Pelkum, Wischerh\u00f6fen) ko<a href=\"http:\/\/ics-hamm.de\/ics\/wp-content\/uploads\/2015\/10\/TN_Westen-800x530.jpg\" target=\"_blank\"><img loading=\"lazy\" class=\"alignright wp-image-559 size-medium\" src=\"http:\/\/ics-hamm.de\/ics\/wp-content\/uploads\/2015\/10\/TN_Westen-800x530-300x199.jpg\" alt=\"TN_Westen (800x530)\" width=\"300\" height=\"199\" srcset=\"https:\/\/ics-hamm.de\/ics\/wp-content\/uploads\/2015\/10\/TN_Westen-800x530-300x199.jpg 300w, https:\/\/ics-hamm.de\/ics\/wp-content\/uploads\/2015\/10\/TN_Westen-800x530.jpg 800w\" sizes=\"(max-width: 300px) 100vw, 300px\" \/><\/a>mmen und auch aus der Ursprungsgruppe Hammer Norden.<br \/>\nDas Internet-Caf\u00e9 Hammer Westen findet in der<br \/>\nAnne Frank Schule Hamm,<br \/>\n<span class=\"_Xbe\">Frankenstra\u00dfe 12, 59067 Hamm<\/span>, statt.<br \/>\n<strong>Dienstags von 13:45\u00a0 &#8211; 15:45 Uhr statt<\/strong><\/p>\n<p>Alle Termine finden Sie im <a href=\"http:\/\/ics-hamm.de\/ics\/?page_id=472\">Terminkalender<\/a> und auch die Wegbeschreibung.<\/p>\n","protected":false},"excerpt":{"rendered":"<p>Das Internet-Caf\u00e9 Hamm Westen entstand durch eine Vielzahl von Teilnehmern, die aus dem westlichen Stadtteilen (Herringen, Pelkum, Wischerh\u00f6fen) kommen und auch aus der Ursprungsgruppe Hammer Norden. Das Internet-Caf\u00e9 Hammer Westen findet in der Anne Frank Schule Hamm, Frankenstra\u00dfe 12, 59067 Hamm, statt. Dienstags von 13:45\u00a0 &#8211; 15:45 Uhr statt Alle Termine finden Sie im Terminkalender [&hellip;]<\/p>\n","protected":false},"author":2,"featured_media":0,"parent":63,"menu_order":2,"comment_status":"closed","ping_status":"closed","template":"","meta":[],"_links":{"self":[{"href":"https:\/\/ics-hamm.de\/ics\/index.php?rest_route=\/wp\/v2\/pages\/145"}],"collection":[{"href":"https:\/\/ics-hamm.de\/ics\/index.php?rest_route=\/wp\/v2\/pages"}],"about":[{"href":"https:\/\/ics-hamm.de\/ics\/index.php?rest_route=\/wp\/v2\/types\/page"}],"author":[{"embeddable":true,"href":"https:\/\/ics-hamm.de\/ics\/index.php?rest_route=\/wp\/v2\/users\/2"}],"replies":[{"embeddable":true,"href":"https:\/\/ics-hamm.de\/ics\/index.php?rest_route=%2Fwp%2Fv2%2Fcomments&post=145"}],"version-history":[{"count":6,"href":"https:\/\/ics-hamm.de\/ics\/index.php?rest_route=\/wp\/v2\/pages\/145\/revisions"}],"predecessor-version":[{"id":689,"href":"https:\/\/ics-hamm.de\/ics\/index.php?rest_route=\/wp\/v2\/pages\/145\/revisions\/689"}],"up":[{"embeddable":true,"href":"https:\/\/ics-hamm.de\/ics\/index.php?rest_route=\/wp\/v2\/pages\/63"}],"wp:attachment":[{"href":"https:\/\/ics-hamm.de\/ics\/index.php?rest_route=%2Fwp%2Fv2%2Fmedia&parent=145"}],"curies":[{"name":"wp","href":"https:\/\/api.w.org\/{rel}","templated":true}]}}